{"id":4280,"date":"2020-10-09T01:40:36","date_gmt":"2020-10-09T01:40:36","guid":{"rendered":"https:\/\/www.teotours.com\/?page_id=4280"},"modified":"2024-09-28T07:42:07","modified_gmt":"2024-09-28T07:42:07","slug":"protocolo-covid-19","status":"publish","type":"page","link":"https:\/\/www.teotours.com\/en\/protocolo-covid-19\/","title":{"rendered":"Covid-19 Health Safety Protocol"},"content":{"rendered":"<div data-elementor-type=\"wp-page\" data-elementor-id=\"4280\" class=\"elementor elementor-4280\" data-elementor-post-type=\"page\">\n\t\t\t\t\t\t<section class=\"elementor-section elementor-top-section elementor-element elementor-element-88c5fa3 elementor-section-boxed elementor-section-height-default elementor-section-height-default\" data-id=\"88c5fa3\" data-element_type=\"section\" data-e-type=\"section\">\n\t\t\t\t\t\t<div class=\"elementor-container elementor-column-gap-default\">\n\t\t\t\t\t<div class=\"elementor-column elementor-col-100 elementor-top-column elementor-element elementor-element-73d79e6\" data-id=\"73d79e6\" data-element_type=\"column\" data-e-type=\"column\">\n\t\t\t<div class=\"elementor-widget-wrap elementor-element-populated\">\n\t\t\t\t\t\t<div class=\"elementor-element elementor-element-4902b56 elementor-widget elementor-widget-spacer\" data-id=\"4902b56\" data-element_type=\"widget\" data-e-type=\"widget\" data-widget_type=\"spacer.default\">\n\t\t\t\t<div class=\"elementor-widget-container\">\n\t\t\t\t\t\t\t<div class=\"elementor-spacer\">\n\t\t\t<div class=\"elementor-spacer-inner\"><\/div>\n\t\t<\/div>\n\t\t\t\t\t\t<\/div>\n\t\t\t\t<\/div>\n\t\t\t\t\t<\/div>\n\t\t<\/div>\n\t\t\t\t\t<\/div>\n\t\t<\/section>\n\t\t\t\t<section class=\"elementor-section elementor-top-section elementor-element elementor-element-de17a3d elementor-section-content-middle elementor-section-boxed elementor-section-height-default elementor-section-height-default\" data-id=\"de17a3d\" data-element_type=\"section\" data-e-type=\"section\" data-settings=\"{&quot;background_background&quot;:&quot;classic&quot;}\">\n\t\t\t\t\t\t\t<div class=\"elementor-background-overlay\"><\/div>\n\t\t\t\t\t\t\t<div class=\"elementor-container elementor-column-gap-no\">\n\t\t\t\t\t<div class=\"elementor-column elementor-col-100 elementor-top-column elementor-element elementor-element-de843c8\" data-id=\"de843c8\" data-element_type=\"column\" data-e-type=\"column\" data-settings=\"{&quot;background_background&quot;:&quot;classic&quot;}\">\n\t\t\t<div class=\"elementor-widget-wrap elementor-element-populated\">\n\t\t\t\t\t<div class=\"elementor-background-overlay\"><\/div>\n\t\t\t\t\t\t<div class=\"elementor-element elementor-element-69c360d animated-fast elementor-widget elementor-widget-heading\" data-id=\"69c360d\" data-element_type=\"widget\" data-e-type=\"widget\" data-settings=\"{&quot;_animation&quot;:&quot;none&quot;}\" data-widget_type=\"heading.default\">\n\t\t\t\t<div class=\"elementor-widget-container\">\n\t\t\t\t\t<h2 class=\"elementor-heading-title elementor-size-large\">Covid-19 Health Safety Protocol<\/h2>\t\t\t\t<\/div>\n\t\t\t\t<\/div>\n\t\t\t\t<div class=\"elementor-element elementor-element-53f343c elementor-widget elementor-widget-spacer\" data-id=\"53f343c\" data-element_type=\"widget\" data-e-type=\"widget\" data-widget_type=\"spacer.default\">\n\t\t\t\t<div class=\"elementor-widget-container\">\n\t\t\t\t\t\t\t<div class=\"elementor-spacer\">\n\t\t\t<div class=\"elementor-spacer-inner\"><\/div>\n\t\t<\/div>\n\t\t\t\t\t\t<\/div>\n\t\t\t\t<\/div>\n\t\t\t\t\t<\/div>\n\t\t<\/div>\n\t\t\t\t\t<\/div>\n\t\t<\/section>\n\t\t\t\t<section class=\"elementor-section elementor-top-section elementor-element elementor-element-3086ccb elementor-section-boxed elementor-section-height-default elementor-section-height-default\" data-id=\"3086ccb\" data-element_type=\"section\" data-e-type=\"section\">\n\t\t\t\t\t\t<div class=\"elementor-container elementor-column-gap-default\">\n\t\t\t\t\t<div class=\"elementor-column elementor-col-100 elementor-top-column elementor-element elementor-element-5ee319e\" data-id=\"5ee319e\" data-element_type=\"column\" data-e-type=\"column\">\n\t\t\t<div class=\"elementor-widget-wrap elementor-element-populated\">\n\t\t\t\t\t\t<div class=\"elementor-element elementor-element-c8c7654 elementor-widget elementor-widget-text-editor\" data-id=\"c8c7654\" data-element_type=\"widget\" data-e-type=\"widget\" data-widget_type=\"text-editor.default\">\n\t\t\t\t<div class=\"elementor-widget-container\">\n\t\t\t\t\t\t\t\t\t<h3 class=\"LC20lb MBeuO DKV0Md\" style=\"text-align: center;\"><strong>Covid-19 Health Safety Protocol<\/strong><\/h3><p style=\"text-align: center;\">In\u00a0<strong>TeoToursMx<\/strong>\u00a0we have adapted to guarantee your well-being and that of everyone by reactivating our experiences.<\/p><p>New security measures with protocols in:<\/p><ol><li>Transportation<\/li><li>Logistics and Coordination<\/li><li>Lodging<\/li><li>Service Providers<\/li><\/ol><p><strong>OUTSTANDING MEASURES<\/strong><\/p><ul><li><strong><em>Group reduction<\/em><\/strong><\/li><\/ul><p>Maximum of 10 guests maintaining a healthy distance and maintaining our hygiene and sanitation measures.<\/p><ul><li><strong><em>No price increase<\/em><\/strong><\/li><\/ul><p>Contributing to the reactivation of the tourism sector and with the commitment that we have always shown towards our guests, these measures do not imply an increase in the price of our services or experiences.<\/p><ul><li><strong><em>Transport sanitation<\/em><\/strong><\/li><\/ul><p>Making use of sanitizing liquid, disinfectant mat, cleaning of multiple contact areas (before, during and after the trip).<\/p><ul><li><strong><em>Health Status Monitoring of our guests <\/em><\/strong><\/li><\/ul><p>Taking the temperature, filling out and delivering the official document \"Risk Factors Questionnaire\", full identification of COVID-19 hospitals in each destination.<\/p><ul><li><strong><em>Contact with service providers<\/em><\/strong><\/li><\/ul><p>We inform ourselves and follow the particular measures of each site working hand in hand with each of the providers, complementing both guidelines of action.<\/p><p>\u00a0<\/p><h2 class=\"elementor-heading-title elementor-size-large\" style=\"text-align: center;\"><strong>Terms applicable to COVID-19<\/strong><\/h2><p>\u00a0<\/p><h2><strong>Lista de T\u00e9rminos<\/strong><\/h2><p><strong>1.-<\/strong>\u00a0Each guest will be asked to take responsibility for their individual protective equipment such as face masks and masks, which are not included in the price of the experience or reserved service and will be mandatory on board the unit.<\/p><p><strong>2.-<\/strong>\u00a0The temperature of all guests will be taken at the starting point before boarding the unit. In case of presenting a temperature higher than 37 \u00b0 C, we reserve the right to restrict your access to the unit, as well as your attendance at the experience or any reserved service without the possibility of refunding your money. If you present symptoms days before the departure of the trip, it is better that you let us know and do not show up. There is the possibility that a client on the waiting list will take your place and not lose your money or failing that you can assign your trip to another person you trust.<\/p><p><strong>3.-<\/strong>\u00a0At each stop, before boarding the unit again, attendees will be provided with antibacterial gel and sanitizer will be placed on the sole of the footwear using a spray bottle, without exception.<\/p><p><strong>4.-<\/strong>\u00a0We only have double rooms at POSADA LA DULCE VILLA with the aim of reducing the number of people in a small space.\u00a0<\/p><p><strong>5.-<\/strong>\u00a0The units will have restricted seats, respecting the healthy distance between seats, so our groups will be smaller (12 people maximum, including the driver, guide and guests). Additionally, the units will be constantly sanitized, keeping our hygiene and sanitation measures.<\/p><p><strong>6.-<\/strong>\u00a0We follow the healthy distance measures requested by each site we visit.<\/p><p><strong>7.-<\/strong>\u00a0If the guide detects that a site violates the healthy distance rule and we consider it a risk to go or stay somewhere, we reserve the right to modify the itinerary to preserve your safety.<\/p><p><strong>8.-<\/strong>\u00a0<strong>TeoToursMx<\/strong>\u00a0no se har\u00e1 responsable por cierres en el destino o decisiones tomadas por los prestadores de servicios y\/o autoridades locales sin previo aviso.<\/p><p><strong>9.-<\/strong>\u00a0Ser\u00e1 responsabilidad del hu\u00e9sped hacer entrega del\u00a0<strong>Cuestionario de Identificaci\u00f3n de Factores de Riesgo y la Carta de no Responsiva<\/strong>\u00a0solicitado debidamente llenado y firmado, as\u00ed mismo deber\u00e1 presentar una identificaci\u00f3n oficial para el cotejo de la firma, en caso de no presentar dicha identificaci\u00f3n no se podr\u00e1 permitir el acceso a la unidad.<\/p><p><strong>(The Risk Factors Identification Questionnaire and the Non-Responsive Letter will be delivered to the guest before boarding the unit)<\/strong><\/p><p><strong>10.-<\/strong>\u00a0Es posible que haya una modificaci\u00f3n de horarios, en donde la cita de encuentro sea con 30 minutos de anticipaci\u00f3n a la hora de partida, debido al tiempo que se utilizara para el proceso de sanitizaci\u00f3n, desinfecci\u00f3n, toma de temperatura y le llenado del Cuestionario de Identificaci\u00f3n de Factores de Riesgo y la Carta de no Responsiva. (se acordar\u00e1n con el hu\u00e9sped los horarios).<\/p><p><strong>11.-<\/strong>\u00a0<strong>TeoToursMx<\/strong>\u00a0y ning\u00fan colaborador se har\u00e1 responsable por contagios posteriores a la realizaci\u00f3n del viaje, actividades o experiencias.<\/p><p><strong>12.-<\/strong>\u00a0In case of presenting symptoms related to COVID-19 at the destination, the inherent expenses for its treatment will be borne by the guest.<\/p><p><strong>13.-<\/strong>\u00a0The guest agrees to comply with the stipulated hygiene protocol and if not, he will be referred to the corresponding authorities, due to Danger of Contagion according to article 159 of the Penal Code for the Federal District.<\/p><p><strong><em>Fecha de ultima modificaci\u00f3n: 5 de marzo del 2020<\/em><\/strong><\/p><p>\u00a0<\/p><p style=\"text-align: center;\"><span style=\"font-size: 20px;\"><strong>\u00a1TeoToursMx te cuida!<\/strong><\/span><\/p>\t\t\t\t\t\t\t\t<\/div>\n\t\t\t\t<\/div>\n\t\t\t\t\t<\/div>\n\t\t<\/div>\n\t\t\t\t\t<\/div>\n\t\t<\/section>\n\t\t\t\t<\/div>","protected":false},"excerpt":{"rendered":"<p>Protocolo de Seguridad Sanitaria Covid-19 Protocolo de Seguridad Sanitaria Covid-19 En\u00a0TeoToursMx\u00a0nos hemos adaptado para garantizar tu bienestar y el de todos al reactivar nuestras experiencias. Nuevas medidas de seguridad con protocolos en: Transporte Log\u00edstica y Coordinaci\u00f3n Hospedaje Prestadores de Servicio MEDIDAS DESTACADAS Reducci\u00f3n de grupos M\u00e1ximo de 10 hu\u00e9spedes manteniendo la sana distancia y conservando [&hellip;]<\/p>\n","protected":false},"author":1,"featured_media":0,"parent":0,"menu_order":0,"comment_status":"closed","ping_status":"closed","template":"","meta":{"site-sidebar-layout":"no-sidebar","site-content-layout":"page-builder","ast-site-content-layout":"default","site-content-style":"default","site-sidebar-style":"default","ast-global-header-display":"","ast-banner-title-visibility":"","ast-main-header-display":"","ast-hfb-above-header-display":"","ast-hfb-below-header-display":"","ast-hfb-mobile-header-display":"","site-post-title":"disabled","ast-breadcrumbs-content":"","ast-featured-img":"disabled","footer-sml-layout":"","ast-disable-related-posts":"","theme-transparent-header-meta":"default","adv-header-id-meta":"","stick-header-meta":"","header-above-stick-meta":"","header-main-stick-meta":"","header-below-stick-meta":"","astra-migrate-meta-layouts":"default","ast-page-background-enabled":"default","ast-page-background-meta":{"desktop":{"background-color":"","background-image":"","background-repeat":"repeat","background-position":"center center","background-size":"auto","background-attachment":"scroll","background-type":"","background-media":"","overlay-type":"","overlay-color":"","overlay-opacity":"","overlay-gradient":""},"tablet":{"background-color":"","background-image":"","background-repeat":"repeat","background-position":"center center","background-size":"auto","background-attachment":"scroll","background-type":"","background-media":"","overlay-type":"","overlay-color":"","overlay-opacity":"","overlay-gradient":""},"mobile":{"background-color":"","background-image":"","background-repeat":"repeat","background-position":"center center","background-size":"auto","background-attachment":"scroll","background-type":"","background-media":"","overlay-type":"","overlay-color":"","overlay-opacity":"","overlay-gradient":""}},"ast-content-background-meta":{"desktop":{"background-color":"var(--ast-global-color-5)","background-image":"","background-repeat":"repeat","background-position":"center center","background-size":"auto","background-attachment":"scroll","background-type":"","background-media":"","overlay-type":"","overlay-color":"","overlay-opacity":"","overlay-gradient":""},"tablet":{"background-color":"var(--ast-global-color-5)","background-image":"","background-repeat":"repeat","background-position":"center center","background-size":"auto","background-attachment":"scroll","background-type":"","background-media":"","overlay-type":"","overlay-color":"","overlay-opacity":"","overlay-gradient":""},"mobile":{"background-color":"var(--ast-global-color-5)","background-image":"","background-repeat":"repeat","background-position":"center center","background-size":"auto","background-attachment":"scroll","background-type":"","background-media":"","overlay-type":"","overlay-color":"","overlay-opacity":"","overlay-gradient":""}},"footnotes":""},"class_list":["post-4280","page","type-page","status-publish","hentry"],"yoast_head":"<!-- This site is optimized with the Yoast SEO plugin v27.4 - https:\/\/yoast.com\/product\/yoast-seo-wordpress\/ -->\n<title>Protocolo de Seguridad Sanitaria Covid-19 - TeoTours Mx<\/title>\n<meta name=\"robots\" content=\"index, follow, max-snippet:-1, max-image-preview:large, max-video-preview:-1\" \/>\n<link rel=\"canonical\" href=\"https:\/\/www.teotours.com\/en\/protocolo-covid-19\/\" \/>\n<meta property=\"og:locale\" content=\"en_US\" \/>\n<meta property=\"og:type\" content=\"article\" \/>\n<meta property=\"og:title\" content=\"Protocolo de Seguridad Sanitaria Covid-19 - TeoTours Mx\" \/>\n<meta property=\"og:description\" content=\"Protocolo de Seguridad Sanitaria Covid-19 Protocolo de Seguridad Sanitaria Covid-19 En\u00a0TeoToursMx\u00a0nos hemos adaptado para garantizar tu bienestar y el de todos al reactivar nuestras experiencias. Nuevas medidas de seguridad con protocolos en: Transporte Log\u00edstica y Coordinaci\u00f3n Hospedaje Prestadores de Servicio MEDIDAS DESTACADAS Reducci\u00f3n de grupos M\u00e1ximo de 10 hu\u00e9spedes manteniendo la sana distancia y conservando [&hellip;]\" \/>\n<meta property=\"og:url\" content=\"https:\/\/www.teotours.com\/en\/protocolo-covid-19\/\" \/>\n<meta property=\"og:site_name\" content=\"TeoTours Mx\" \/>\n<meta property=\"article:publisher\" content=\"https:\/\/www.facebook.com\/TeoToursMx\/\" \/>\n<meta property=\"article:modified_time\" content=\"2024-09-28T07:42:07+00:00\" \/>\n<meta name=\"twitter:card\" content=\"summary_large_image\" \/>\n<meta name=\"twitter:site\" content=\"@TeoToursMx\" \/>\n<meta name=\"twitter:label1\" content=\"Est. reading time\" \/>\n\t<meta name=\"twitter:data1\" content=\"4 minutes\" \/>\n<script type=\"application\/ld+json\" class=\"yoast-schema-graph\">{\"@context\":\"https:\\\/\\\/schema.org\",\"@graph\":[{\"@type\":\"WebPage\",\"@id\":\"https:\\\/\\\/www.teotours.com\\\/protocolo-covid-19\\\/\",\"url\":\"https:\\\/\\\/www.teotours.com\\\/protocolo-covid-19\\\/\",\"name\":\"Protocolo de Seguridad Sanitaria Covid-19 - TeoTours Mx\",\"isPartOf\":{\"@id\":\"https:\\\/\\\/www.teotours.com\\\/#website\"},\"datePublished\":\"2020-10-09T01:40:36+00:00\",\"dateModified\":\"2024-09-28T07:42:07+00:00\",\"breadcrumb\":{\"@id\":\"https:\\\/\\\/www.teotours.com\\\/protocolo-covid-19\\\/#breadcrumb\"},\"inLanguage\":\"en-US\",\"potentialAction\":[{\"@type\":\"ReadAction\",\"target\":[\"https:\\\/\\\/www.teotours.com\\\/protocolo-covid-19\\\/\"]}]},{\"@type\":\"BreadcrumbList\",\"@id\":\"https:\\\/\\\/www.teotours.com\\\/protocolo-covid-19\\\/#breadcrumb\",\"itemListElement\":[{\"@type\":\"ListItem\",\"position\":1,\"name\":\"Inicio\",\"item\":\"https:\\\/\\\/www.teotours.com\\\/\"},{\"@type\":\"ListItem\",\"position\":2,\"name\":\"Protocolo de Seguridad Sanitaria Covid-19\"}]},{\"@type\":\"WebSite\",\"@id\":\"https:\\\/\\\/www.teotours.com\\\/#website\",\"url\":\"https:\\\/\\\/www.teotours.com\\\/\",\"name\":\"TeoTours Mx\",\"description\":\"TeoTours Mx\",\"publisher\":{\"@id\":\"https:\\\/\\\/www.teotours.com\\\/#organization\"},\"potentialAction\":[{\"@type\":\"SearchAction\",\"target\":{\"@type\":\"EntryPoint\",\"urlTemplate\":\"https:\\\/\\\/www.teotours.com\\\/?s={search_term_string}\"},\"query-input\":{\"@type\":\"PropertyValueSpecification\",\"valueRequired\":true,\"valueName\":\"search_term_string\"}}],\"inLanguage\":\"en-US\"},{\"@type\":\"Organization\",\"@id\":\"https:\\\/\\\/www.teotours.com\\\/#organization\",\"name\":\"TeoTours Mx\",\"url\":\"https:\\\/\\\/www.teotours.com\\\/\",\"logo\":{\"@type\":\"ImageObject\",\"inLanguage\":\"en-US\",\"@id\":\"https:\\\/\\\/www.teotours.com\\\/#\\\/schema\\\/logo\\\/image\\\/\",\"url\":\"https:\\\/\\\/www.teotours.com\\\/wp-content\\\/uploads\\\/2020\\\/12\\\/cropped-Copia_de_Diseno_sin_titulo__1_-removebg-preview.png\",\"contentUrl\":\"https:\\\/\\\/www.teotours.com\\\/wp-content\\\/uploads\\\/2020\\\/12\\\/cropped-Copia_de_Diseno_sin_titulo__1_-removebg-preview.png\",\"width\":512,\"height\":512,\"caption\":\"TeoTours Mx\"},\"image\":{\"@id\":\"https:\\\/\\\/www.teotours.com\\\/#\\\/schema\\\/logo\\\/image\\\/\"},\"sameAs\":[\"https:\\\/\\\/www.facebook.com\\\/TeoToursMx\\\/\",\"https:\\\/\\\/x.com\\\/TeoToursMx\"]}]}<\/script>\n<!-- \/ Yoast SEO plugin. -->","yoast_head_json":{"title":"Protocolo de Seguridad Sanitaria Covid-19 - TeoTours Mx","robots":{"index":"index","follow":"follow","max-snippet":"max-snippet:-1","max-image-preview":"max-image-preview:large","max-video-preview":"max-video-preview:-1"},"canonical":"https:\/\/www.teotours.com\/en\/protocolo-covid-19\/","og_locale":"en_US","og_type":"article","og_title":"Protocolo de Seguridad Sanitaria Covid-19 - TeoTours Mx","og_description":"Protocolo de Seguridad Sanitaria Covid-19 Protocolo de Seguridad Sanitaria Covid-19 En\u00a0TeoToursMx\u00a0nos hemos adaptado para garantizar tu bienestar y el de todos al reactivar nuestras experiencias. Nuevas medidas de seguridad con protocolos en: Transporte Log\u00edstica y Coordinaci\u00f3n Hospedaje Prestadores de Servicio MEDIDAS DESTACADAS Reducci\u00f3n de grupos M\u00e1ximo de 10 hu\u00e9spedes manteniendo la sana distancia y conservando [&hellip;]","og_url":"https:\/\/www.teotours.com\/en\/protocolo-covid-19\/","og_site_name":"TeoTours Mx","article_publisher":"https:\/\/www.facebook.com\/TeoToursMx\/","article_modified_time":"2024-09-28T07:42:07+00:00","twitter_card":"summary_large_image","twitter_site":"@TeoToursMx","twitter_misc":{"Est. reading time":"4 minutes"},"schema":{"@context":"https:\/\/schema.org","@graph":[{"@type":"WebPage","@id":"https:\/\/www.teotours.com\/protocolo-covid-19\/","url":"https:\/\/www.teotours.com\/protocolo-covid-19\/","name":"Protocolo de Seguridad Sanitaria Covid-19 - TeoTours Mx","isPartOf":{"@id":"https:\/\/www.teotours.com\/#website"},"datePublished":"2020-10-09T01:40:36+00:00","dateModified":"2024-09-28T07:42:07+00:00","breadcrumb":{"@id":"https:\/\/www.teotours.com\/protocolo-covid-19\/#breadcrumb"},"inLanguage":"en-US","potentialAction":[{"@type":"ReadAction","target":["https:\/\/www.teotours.com\/protocolo-covid-19\/"]}]},{"@type":"BreadcrumbList","@id":"https:\/\/www.teotours.com\/protocolo-covid-19\/#breadcrumb","itemListElement":[{"@type":"ListItem","position":1,"name":"Inicio","item":"https:\/\/www.teotours.com\/"},{"@type":"ListItem","position":2,"name":"Protocolo de Seguridad Sanitaria Covid-19"}]},{"@type":"WebSite","@id":"https:\/\/www.teotours.com\/#website","url":"https:\/\/www.teotours.com\/","name":"TeoTours Mx","description":"TeoTours Mx","publisher":{"@id":"https:\/\/www.teotours.com\/#organization"},"potentialAction":[{"@type":"SearchAction","target":{"@type":"EntryPoint","urlTemplate":"https:\/\/www.teotours.com\/?s={search_term_string}"},"query-input":{"@type":"PropertyValueSpecification","valueRequired":true,"valueName":"search_term_string"}}],"inLanguage":"en-US"},{"@type":"Organization","@id":"https:\/\/www.teotours.com\/#organization","name":"TeoTours Mx","url":"https:\/\/www.teotours.com\/","logo":{"@type":"ImageObject","inLanguage":"en-US","@id":"https:\/\/www.teotours.com\/#\/schema\/logo\/image\/","url":"https:\/\/www.teotours.com\/wp-content\/uploads\/2020\/12\/cropped-Copia_de_Diseno_sin_titulo__1_-removebg-preview.png","contentUrl":"https:\/\/www.teotours.com\/wp-content\/uploads\/2020\/12\/cropped-Copia_de_Diseno_sin_titulo__1_-removebg-preview.png","width":512,"height":512,"caption":"TeoTours Mx"},"image":{"@id":"https:\/\/www.teotours.com\/#\/schema\/logo\/image\/"},"sameAs":["https:\/\/www.facebook.com\/TeoToursMx\/","https:\/\/x.com\/TeoToursMx"]}]}},"_links":{"self":[{"href":"https:\/\/www.teotours.com\/en\/wp-json\/wp\/v2\/pages\/4280","targetHints":{"allow":["GET"]}}],"collection":[{"href":"https:\/\/www.teotours.com\/en\/wp-json\/wp\/v2\/pages"}],"about":[{"href":"https:\/\/www.teotours.com\/en\/wp-json\/wp\/v2\/types\/page"}],"author":[{"embeddable":true,"href":"https:\/\/www.teotours.com\/en\/wp-json\/wp\/v2\/users\/1"}],"replies":[{"embeddable":true,"href":"https:\/\/www.teotours.com\/en\/wp-json\/wp\/v2\/comments?post=4280"}],"version-history":[{"count":40,"href":"https:\/\/www.teotours.com\/en\/wp-json\/wp\/v2\/pages\/4280\/revisions"}],"predecessor-version":[{"id":16602,"href":"https:\/\/www.teotours.com\/en\/wp-json\/wp\/v2\/pages\/4280\/revisions\/16602"}],"wp:attachment":[{"href":"https:\/\/www.teotours.com\/en\/wp-json\/wp\/v2\/media?parent=4280"}],"curies":[{"name":"wp","href":"https:\/\/api.w.org\/{rel}","templated":true}]}}