{"id":17481,"date":"2025-05-07T03:21:53","date_gmt":"2025-05-07T03:21:53","guid":{"rendered":"https:\/\/www.teotours.com\/?post_type=product&#038;p=17481"},"modified":"2025-05-07T03:26:21","modified_gmt":"2025-05-07T03:26:21","slug":"barbacoa-de-borrego","status":"publish","type":"product","link":"https:\/\/www.teotours.com\/en\/product\/barbacoa-de-borrego\/","title":{"rendered":"Barbacoa de borrego"},"content":{"rendered":"<p>Disfruta el aut\u00e9ntico sabor de la barbacoa tradicional, cocida lentamente en horno de tierra para lograr una textura suave y jugosa. Servida por orden, acompa\u00f1ada de tortillas reci\u00e9n hechas, salsas caseras, su consom\u00e9 calientito \u00a0y con garbanzos.<\/p>\n<p>&nbsp;<\/p>\n<p>Includes:<\/p>\n<ul>\n<li>Barbacoa de borrego (orden individual)<\/li>\n<li>Consom\u00e9 con garbanzos<\/li>\n<li>Tortillas de ma\u00edz<\/li>\n<li>Salsa verde o roja<\/li>\n<li>Cebolla y lim\u00f3n al gusto<\/li>\n<\/ul>\n<p>&nbsp;<\/p>\n<p>&nbsp;<\/p>\n<p>&nbsp;<\/p>\n<p style=\"text-align: center;\">","protected":false},"excerpt":{"rendered":"<h4><strong><span style=\"font-size: 12px; font-family: arial, helvetica, sans-serif;\">MXN (MEXICAN PESOS)<\/span><\/strong><\/h4>\n<h6><span style=\"font-size: 12px; font-family: arial, helvetica, sans-serif;\"><strong>PRECIO POR PLATILLO\u00a0<\/strong><\/span><\/h6>\n<p><img decoding=\"async\" class=\"alignnone wp-image-12533\" src=\"https:\/\/www.teotours.com\/wp-content\/uploads\/2022\/03\/restaurant.png\" alt=\"\" width=\"27\" height=\"27\" \/><\/p>\n<h4><strong><span class=\"HwtZe\" lang=\"es\"><span class=\"jCAhz JxVs2d ChMk0b\"><span class=\"ryNqvb\">\u00bfC\u00f3mo reservar este platillo?<\/span><\/span><\/span><\/strong><\/h4>\n<h6>1. <span class=\"HwtZe\" lang=\"es\"><span class=\"jCAhz ChMk0b\"><span class=\"ryNqvb\">Check availability<\/span><\/span><\/span><\/h6>\n<h6>2. <span class=\"HwtZe\" lang=\"es\"><span class=\"jCAhz ChMk0b\"><span class=\"ryNqvb\">Selecciona la fecha y el n\u00famero de \u00f3rdenes (Agregar al carrito)<\/span><\/span><\/span><\/h6>\n<h6>3. Complete the form and confirm your payment<\/h6>\n<p><span style=\"color: #ff00ff;\"><strong><span class=\"HwtZe\" lang=\"es\"><span class=\"jCAhz JxVs2d ChMk0b\"><span class=\"ryNqvb\">Don't forget to notify us of your booking.<\/span><\/span><\/span><\/strong><\/span><\/p>\n<p>&nbsp;<\/p>","protected":false},"featured_media":0,"template":"","meta":{"site-sidebar-layout":"no-sidebar","site-content-layout":"content-boxed-container","ast-site-content-layout":"normal-width-container","site-content-style":"boxed","site-sidebar-style":"unboxed","ast-global-header-display":"","ast-banner-title-visibility":"","ast-main-header-display":"","ast-hfb-above-header-display":"","ast-hfb-below-header-display":"","ast-hfb-mobile-header-display":"","site-post-title":"disabled","ast-breadcrumbs-content":"","ast-featured-img":"","footer-sml-layout":"","ast-disable-related-posts":"","theme-transparent-header-meta":"default","adv-header-id-meta":"","stick-header-meta":"","header-above-stick-meta":"","header-main-stick-meta":"","header-below-stick-meta":"","astra-migrate-meta-layouts":"set","ast-page-background-enabled":"default","ast-page-background-meta":{"desktop":{"background-color":"","background-image":"","background-repeat":"repeat","background-position":"center center","background-size":"auto","background-attachment":"scroll","background-type":"","background-media":"","overlay-type":"","overlay-color":"","overlay-opacity":"","overlay-gradient":""},"tablet":{"background-color":"","background-image":"","background-repeat":"repeat","background-position":"center center","background-size":"auto","background-attachment":"scroll","background-type":"","background-media":"","overlay-type":"","overlay-color":"","overlay-opacity":"","overlay-gradient":""},"mobile":{"background-color":"","background-image":"","background-repeat":"repeat","background-position":"center center","background-size":"auto","background-attachment":"scroll","background-type":"","background-media":"","overlay-type":"","overlay-color":"","overlay-opacity":"","overlay-gradient":""}},"ast-content-background-meta":{"desktop":{"background-color":"var(--ast-global-color-5)","background-image":"","background-repeat":"repeat","background-position":"center center","background-size":"auto","background-attachment":"scroll","background-type":"","background-media":"","overlay-type":"","overlay-color":"","overlay-opacity":"","overlay-gradient":""},"tablet":{"background-color":"var(--ast-global-color-5)","background-image":"","background-repeat":"repeat","background-position":"center center","background-size":"auto","background-attachment":"scroll","background-type":"","background-media":"","overlay-type":"","overlay-color":"","overlay-opacity":"","overlay-gradient":""},"mobile":{"background-color":"var(--ast-global-color-5)","background-image":"","background-repeat":"repeat","background-position":"center center","background-size":"auto","background-attachment":"scroll","background-type":"","background-media":"","overlay-type":"","overlay-color":"","overlay-opacity":"","overlay-gradient":""}}},"product_brand":[],"product_cat":[61],"product_tag":[46],"class_list":{"0":"post-17481","1":"product","2":"type-product","3":"status-publish","5":"product_cat-restaurant","6":"product_tag-adicionales","7":"desktop-align-center","8":"tablet-align-left","9":"mobile-align-center","11":"first","12":"instock","13":"virtual","14":"purchasable","15":"product-type-simple"},"yoast_head":"<!-- This site is optimized with the Yoast SEO plugin v27.3 - https:\/\/yoast.com\/product\/yoast-seo-wordpress\/ -->\n<title>Barbacoa de borrego - TeoTours Mx<\/title>\n<meta name=\"description\" content=\"Enjoy authentic mole poblano at our restaurant in Teotihuac\u00e1n, prepared with a traditional recipe that combines over 20 fresh and local ingredients.\" \/>\n<meta name=\"robots\" content=\"index, follow, max-snippet:-1, max-image-preview:large, max-video-preview:-1\" \/>\n<link rel=\"canonical\" href=\"https:\/\/www.teotours.com\/en\/product\/barbacoa-de-borrego\/\" \/>\n<meta property=\"og:locale\" content=\"en_US\" \/>\n<meta property=\"og:type\" content=\"article\" \/>\n<meta property=\"og:title\" content=\"Barbacoa de borrego - TeoTours Mx\" \/>\n<meta property=\"og:description\" content=\"Enjoy authentic mole poblano at our restaurant in Teotihuac\u00e1n, prepared with a traditional recipe that combines over 20 fresh and local ingredients.\" \/>\n<meta property=\"og:url\" content=\"https:\/\/www.teotours.com\/en\/product\/barbacoa-de-borrego\/\" \/>\n<meta property=\"og:site_name\" content=\"TeoTours Mx\" \/>\n<meta property=\"article:publisher\" content=\"https:\/\/www.facebook.com\/TeoToursMx\/\" \/>\n<meta property=\"article:modified_time\" content=\"2025-05-07T03:26:21+00:00\" \/>\n<meta name=\"twitter:card\" content=\"summary_large_image\" \/>\n<meta name=\"twitter:site\" content=\"@TeoToursMx\" \/>\n<meta name=\"twitter:label1\" content=\"Est. reading time\" \/>\n\t<meta name=\"twitter:data1\" content=\"1 minute\" \/>\n<script type=\"application\/ld+json\" class=\"yoast-schema-graph\">{\"@context\":\"https:\\\/\\\/schema.org\",\"@graph\":[{\"@type\":\"WebPage\",\"@id\":\"https:\\\/\\\/www.teotours.com\\\/producto\\\/barbacoa-de-borrego\\\/\",\"url\":\"https:\\\/\\\/www.teotours.com\\\/producto\\\/barbacoa-de-borrego\\\/\",\"name\":\"Barbacoa de borrego - TeoTours Mx\",\"isPartOf\":{\"@id\":\"https:\\\/\\\/www.teotours.com\\\/#website\"},\"datePublished\":\"2025-05-07T03:21:53+00:00\",\"dateModified\":\"2025-05-07T03:26:21+00:00\",\"description\":\"Enjoy authentic mole poblano at our restaurant in Teotihuac\u00e1n, prepared with a traditional recipe that combines over 20 fresh and local ingredients.\",\"breadcrumb\":{\"@id\":\"https:\\\/\\\/www.teotours.com\\\/producto\\\/barbacoa-de-borrego\\\/#breadcrumb\"},\"inLanguage\":\"en-US\",\"potentialAction\":[{\"@type\":\"ReadAction\",\"target\":[\"https:\\\/\\\/www.teotours.com\\\/producto\\\/barbacoa-de-borrego\\\/\"]}]},{\"@type\":\"BreadcrumbList\",\"@id\":\"https:\\\/\\\/www.teotours.com\\\/producto\\\/barbacoa-de-borrego\\\/#breadcrumb\",\"itemListElement\":[{\"@type\":\"ListItem\",\"position\":1,\"name\":\"Inicio\",\"item\":\"https:\\\/\\\/www.teotours.com\\\/\"},{\"@type\":\"ListItem\",\"position\":2,\"name\":\"SERVICIOS\",\"item\":\"https:\\\/\\\/www.teotours.com\\\/servicios-turisticos-teotihuacan\\\/\"},{\"@type\":\"ListItem\",\"position\":3,\"name\":\"Barbacoa de borrego\"}]},{\"@type\":\"WebSite\",\"@id\":\"https:\\\/\\\/www.teotours.com\\\/#website\",\"url\":\"https:\\\/\\\/www.teotours.com\\\/\",\"name\":\"TeoTours Mx\",\"description\":\"TeoTours Mx\",\"publisher\":{\"@id\":\"https:\\\/\\\/www.teotours.com\\\/#organization\"},\"potentialAction\":[{\"@type\":\"SearchAction\",\"target\":{\"@type\":\"EntryPoint\",\"urlTemplate\":\"https:\\\/\\\/www.teotours.com\\\/?s={search_term_string}\"},\"query-input\":{\"@type\":\"PropertyValueSpecification\",\"valueRequired\":true,\"valueName\":\"search_term_string\"}}],\"inLanguage\":\"en-US\"},{\"@type\":\"Organization\",\"@id\":\"https:\\\/\\\/www.teotours.com\\\/#organization\",\"name\":\"TeoTours Mx\",\"url\":\"https:\\\/\\\/www.teotours.com\\\/\",\"logo\":{\"@type\":\"ImageObject\",\"inLanguage\":\"en-US\",\"@id\":\"https:\\\/\\\/www.teotours.com\\\/#\\\/schema\\\/logo\\\/image\\\/\",\"url\":\"https:\\\/\\\/www.teotours.com\\\/wp-content\\\/uploads\\\/2020\\\/12\\\/cropped-Copia_de_Diseno_sin_titulo__1_-removebg-preview.png\",\"contentUrl\":\"https:\\\/\\\/www.teotours.com\\\/wp-content\\\/uploads\\\/2020\\\/12\\\/cropped-Copia_de_Diseno_sin_titulo__1_-removebg-preview.png\",\"width\":512,\"height\":512,\"caption\":\"TeoTours Mx\"},\"image\":{\"@id\":\"https:\\\/\\\/www.teotours.com\\\/#\\\/schema\\\/logo\\\/image\\\/\"},\"sameAs\":[\"https:\\\/\\\/www.facebook.com\\\/TeoToursMx\\\/\",\"https:\\\/\\\/x.com\\\/TeoToursMx\"]}]}<\/script>\n<!-- \/ Yoast SEO plugin. -->","yoast_head_json":{"title":"Barbacoa de borrego - TeoTours Mx","description":"Enjoy authentic mole poblano at our restaurant in Teotihuac\u00e1n, prepared with a traditional recipe that combines over 20 fresh and local ingredients.","robots":{"index":"index","follow":"follow","max-snippet":"max-snippet:-1","max-image-preview":"max-image-preview:large","max-video-preview":"max-video-preview:-1"},"canonical":"https:\/\/www.teotours.com\/en\/product\/barbacoa-de-borrego\/","og_locale":"en_US","og_type":"article","og_title":"Barbacoa de borrego - TeoTours Mx","og_description":"Enjoy authentic mole poblano at our restaurant in Teotihuac\u00e1n, prepared with a traditional recipe that combines over 20 fresh and local ingredients.","og_url":"https:\/\/www.teotours.com\/en\/product\/barbacoa-de-borrego\/","og_site_name":"TeoTours Mx","article_publisher":"https:\/\/www.facebook.com\/TeoToursMx\/","article_modified_time":"2025-05-07T03:26:21+00:00","twitter_card":"summary_large_image","twitter_site":"@TeoToursMx","twitter_misc":{"Est. reading time":"1 minute"},"schema":{"@context":"https:\/\/schema.org","@graph":[{"@type":"WebPage","@id":"https:\/\/www.teotours.com\/producto\/barbacoa-de-borrego\/","url":"https:\/\/www.teotours.com\/producto\/barbacoa-de-borrego\/","name":"Barbacoa de borrego - TeoTours Mx","isPartOf":{"@id":"https:\/\/www.teotours.com\/#website"},"datePublished":"2025-05-07T03:21:53+00:00","dateModified":"2025-05-07T03:26:21+00:00","description":"Enjoy authentic mole poblano at our restaurant in Teotihuac\u00e1n, prepared with a traditional recipe that combines over 20 fresh and local ingredients.","breadcrumb":{"@id":"https:\/\/www.teotours.com\/producto\/barbacoa-de-borrego\/#breadcrumb"},"inLanguage":"en-US","potentialAction":[{"@type":"ReadAction","target":["https:\/\/www.teotours.com\/producto\/barbacoa-de-borrego\/"]}]},{"@type":"BreadcrumbList","@id":"https:\/\/www.teotours.com\/producto\/barbacoa-de-borrego\/#breadcrumb","itemListElement":[{"@type":"ListItem","position":1,"name":"Inicio","item":"https:\/\/www.teotours.com\/"},{"@type":"ListItem","position":2,"name":"SERVICIOS","item":"https:\/\/www.teotours.com\/servicios-turisticos-teotihuacan\/"},{"@type":"ListItem","position":3,"name":"Barbacoa de borrego"}]},{"@type":"WebSite","@id":"https:\/\/www.teotours.com\/#website","url":"https:\/\/www.teotours.com\/","name":"TeoTours Mx","description":"TeoTours Mx","publisher":{"@id":"https:\/\/www.teotours.com\/#organization"},"potentialAction":[{"@type":"SearchAction","target":{"@type":"EntryPoint","urlTemplate":"https:\/\/www.teotours.com\/?s={search_term_string}"},"query-input":{"@type":"PropertyValueSpecification","valueRequired":true,"valueName":"search_term_string"}}],"inLanguage":"en-US"},{"@type":"Organization","@id":"https:\/\/www.teotours.com\/#organization","name":"TeoTours Mx","url":"https:\/\/www.teotours.com\/","logo":{"@type":"ImageObject","inLanguage":"en-US","@id":"https:\/\/www.teotours.com\/#\/schema\/logo\/image\/","url":"https:\/\/www.teotours.com\/wp-content\/uploads\/2020\/12\/cropped-Copia_de_Diseno_sin_titulo__1_-removebg-preview.png","contentUrl":"https:\/\/www.teotours.com\/wp-content\/uploads\/2020\/12\/cropped-Copia_de_Diseno_sin_titulo__1_-removebg-preview.png","width":512,"height":512,"caption":"TeoTours Mx"},"image":{"@id":"https:\/\/www.teotours.com\/#\/schema\/logo\/image\/"},"sameAs":["https:\/\/www.facebook.com\/TeoToursMx\/","https:\/\/x.com\/TeoToursMx"]}]}},"tiered_pricing_type":"fixed","tiered_pricing_fixed_rules":[],"tiered_pricing_product_settings":{"layout":"default","base_unit_name":{"singular":null,"plural":null},"default_variation":null},"tiered_pricing_minimum_quantity":null,"tiered_pricing_roles_data":[],"tiered_pricing_percentage_rules":[],"_links":{"self":[{"href":"https:\/\/www.teotours.com\/en\/wp-json\/wp\/v2\/product\/17481","targetHints":{"allow":["GET"]}}],"collection":[{"href":"https:\/\/www.teotours.com\/en\/wp-json\/wp\/v2\/product"}],"about":[{"href":"https:\/\/www.teotours.com\/en\/wp-json\/wp\/v2\/types\/product"}],"wp:attachment":[{"href":"https:\/\/www.teotours.com\/en\/wp-json\/wp\/v2\/media?parent=17481"}],"wp:term":[{"taxonomy":"product_brand","embeddable":true,"href":"https:\/\/www.teotours.com\/en\/wp-json\/wp\/v2\/product_brand?post=17481"},{"taxonomy":"product_cat","embeddable":true,"href":"https:\/\/www.teotours.com\/en\/wp-json\/wp\/v2\/product_cat?post=17481"},{"taxonomy":"product_tag","embeddable":true,"href":"https:\/\/www.teotours.com\/en\/wp-json\/wp\/v2\/product_tag?post=17481"}],"curies":[{"name":"wp","href":"https:\/\/api.w.org\/{rel}","templated":true}]}}